{"id":150,"date":"2012-08-10T13:04:22","date_gmt":"2012-08-10T13:04:22","guid":{"rendered":"http:\/\/reisemagazin.ferien-privat.de\/?page_id=150"},"modified":"2019-02-08T10:40:32","modified_gmt":"2019-02-08T08:40:32","slug":"impressum","status":"publish","type":"page","link":"https:\/\/www.interdomizil.de\/reisemagazin\/impressum","title":{"rendered":"Impressum"},"content":{"rendered":"<div class=\"twoclick_social_bookmarks_post_150 social_share_privacy clearfix 1.6.4 locale-de_DE sprite-de_DE\"><\/div><div class=\"twoclick-js\"><script type=\"text\/javascript\">\/* <![CDATA[ *\/\njQuery(document).ready(function($){if($('.twoclick_social_bookmarks_post_150')){$('.twoclick_social_bookmarks_post_150').socialSharePrivacy({\"services\":{\"facebook\":{\"status\":\"on\",\"txt_info\":\"2 Klicks f\\u00fcr mehr Datenschutz: Erst wenn Sie hier klicken, wird der Button aktiv und Sie k\\u00f6nnen Ihre Empfehlung an Facebook senden. Schon beim Aktivieren werden <strong>Daten an Dritte \\u00fcbertragen<\\\/strong> - siehe <strong>i<\\\/strong>.\",\"perma_option\":\"off\",\"action\":\"like\",\"language\":\"de_DE\"},\"twitter\":{\"reply_to\":\"\",\"tweet_text\":\"Impressum%20%C2%BB%20InterDomizil%20Reisemagazin\",\"status\":\"on\",\"txt_info\":\"2 Klicks f\\u00fcr mehr Datenschutz: Erst wenn Sie hier klicken, wird der Button aktiv und Sie k\\u00f6nnen Ihre Empfehlung an Twitter senden. Schon beim Aktivieren werden <strong>Daten an Dritte \\u00fcbertragen<\\\/strong> - siehe <strong>i<\\\/strong>.\",\"perma_option\":\"off\",\"language\":\"de\"},\"pinterest\":{\"status\":\"on\",\"the_excerpt\":\"Impressum\",\"txt_info\":\"2 Klicks f\\u00fcr mehr Datenschutz: Erst wenn Sie hier klicken, wird der Button aktiv und Sie k\\u00f6nnen Ihre Empfehlung an Pinterest senden. Schon beim Aktivieren werden <strong>Daten an Dritte \\u00fcbertragen<\\\/strong> - siehe <strong>i<\\\/strong>.\",\"perma_option\":\"off\",\"media\":\"https:\\\/\\\/www.interdomizil.de\\\/reisemagazin\\\/wp-content\\\/uploads\\\/2012\\\/09\\\/ID-Logo-Transparent.png\"}},\"txt_help\":\"Wenn Sie diese Felder durch einen Klick aktivieren, werden Informationen an Facebook, Twitter, Flattr, Xing, t3n, LinkedIn, Pinterest oder Google eventuell ins Ausland <strong>\\u00fcbertragen<\\\/strong> und unter Umst\\u00e4nden auch dort <strong>gespeichert<\\\/strong>. N\\u00e4heres erfahren Sie durch einen Klick auf das <em>i<\\\/em>.\",\"settings_perma\":\"Dauerhaft aktivieren und Daten\\u00fcber-tragung zustimmen:\",\"info_link\":\"http:\\\/\\\/www.heise.de\\\/ct\\\/artikel\\\/2-Klicks-fuer-mehr-Datenschutz-1333879.html\",\"uri\":\"https:\\\/\\\/www.interdomizil.de\\\/reisemagazin\\\/impressum\",\"post_id\":150,\"post_title_referrer_track\":\"Impressum\",\"concat\":\"%3F\",\"display_infobox\":\"on\"});}});\n\/* ]]> *\/<\/script><\/div><p><strong>Das <span style=\"color: #840000;\">www.interdomizil.de\/reisemagazin<\/span> ist ein Reisemagazin der<\/strong><\/p>\n<figure id=\"attachment_164\" aria-describedby=\"caption-attachment-164\" style=\"width: 150px\" class=\"wp-caption alignright\"><img decoding=\"async\" loading=\"lazy\" class=\" wp-image-164 \" title=\"Interdomizil Logo\" src=\"https:\/\/www.interdomizil.de\/reisemagazin\/wp-content\/uploads\/2012\/09\/ID-Logo-Transparent.png\" alt=\"Interdomizil Logo\" width=\"150\" height=\"65\" \/><figcaption id=\"caption-attachment-164\" class=\"wp-caption-text\">ist eine eingetragene Marke beim<br \/>Deutschen Patent- und Markenamt.<\/figcaption><\/figure>\n<p><strong>InterDomizil GmbH<\/strong><br \/>\nAmtsgericht Hamburg HRB 89627<br \/>\nUSt-IdNr.: DE232840552<br \/>\nGesch\u00e4ftsf\u00fchrer: D\u00e9sir\u00e9e Hoffmann, Julia S. Hentschel<\/p>\n<p><strong>Adresse:<\/strong><br \/>\nInterDomizil GmbH<br \/>\nJulius-Vosseler-Stra\u00dfe 100<br \/>\nD-22527 Hamburg<\/p>\n<p><strong>Kontakt:<\/strong><br \/>\nTel.: +49 &#8211; (0)40 &#8211; 430 932 &#8211; 70<br \/>\nFax: +49 &#8211; (0)40 &#8211; 430 932 &#8211; 83<br \/>\nEmail: info@interdomizil.de<\/p>\n<p><strong>Unsere Portale:<\/strong><br \/>\nwww.ferien-privat.de<br \/>\nwww.interdomizil.de<br \/>\nwww.ferienhausvermittlung.de<\/p>\n<p><strong>Bildverwendung<\/strong><br \/>\nUnter anderem verwendet diese Webseite Bildmaterial von <a href=\"http:\/\/www.pixelio.de\">pixelio.de<\/a>.<\/p>\n","protected":false},"excerpt":{"rendered":"<p>Das www.interdomizil.de\/reisemagazin ist ein Reisemagazin der InterDomizil GmbH Amtsgericht Hamburg HRB 89627 USt-IdNr.: DE232840552 Gesch\u00e4ftsf\u00fchrer: D\u00e9sir\u00e9e Hoffmann, Julia S. Hentschel Adresse: InterDomizil GmbH Julius-Vosseler-Stra\u00dfe 100 D-22527 Hamburg Kontakt: Tel.: +49 &#8211; (0)40 &#8211; 430 932 &#8211; 70 Fax: +49 &#8211; (0)40 &#8211; 430 932 &#8211; 83 Email: info@interdomizil.de Unsere Portale: www.ferien-privat.de www.interdomizil.de www.ferienhausvermittlung.de Bildverwendung Unter<\/p>\n","protected":false},"author":3,"featured_media":0,"parent":0,"menu_order":0,"comment_status":"open","ping_status":"open","template":"","meta":{"footnotes":""},"yoast_head":"<!-- This site is optimized with the Yoast SEO plugin v16.1.1 - https:\/\/yoast.com\/wordpress\/plugins\/seo\/ -->\n<title>Impressum &ndash; InterDomizil Reisemagazin<\/title>\n<link rel=\"canonical\" href=\"https:\/\/www.interdomizil.de\/reisemagazin\/impressum\" \/>\n<script type=\"application\/ld+json\" class=\"yoast-schema-graph\">{\"@context\":\"https:\/\/schema.org\",\"@graph\":[{\"@type\":\"WebSite\",\"@id\":\"https:\/\/www.interdomizil.de\/reisemagazin\/#website\",\"url\":\"https:\/\/www.interdomizil.de\/reisemagazin\/\",\"name\":\"InterDomizil Reisemagazin\",\"description\":\"Reiseziele. Urlaubtipps. Sehenswertes.\",\"potentialAction\":[{\"@type\":\"SearchAction\",\"target\":\"https:\/\/www.interdomizil.de\/reisemagazin\/?s={search_term_string}\",\"query-input\":\"required name=search_term_string\"}],\"inLanguage\":\"de\"},{\"@type\":\"ImageObject\",\"@id\":\"https:\/\/www.interdomizil.de\/reisemagazin\/impressum#primaryimage\",\"inLanguage\":\"de\",\"url\":\"https:\/\/www.interdomizil.de\/reisemagazin\/wp-content\/uploads\/2012\/09\/ID-Logo-Transparent.png\",\"contentUrl\":\"https:\/\/www.interdomizil.de\/reisemagazin\/wp-content\/uploads\/2012\/09\/ID-Logo-Transparent.png\",\"width\":150,\"height\":65,\"caption\":\"InterDomizil GmbH\"},{\"@type\":\"WebPage\",\"@id\":\"https:\/\/www.interdomizil.de\/reisemagazin\/impressum#webpage\",\"url\":\"https:\/\/www.interdomizil.de\/reisemagazin\/impressum\",\"name\":\"Impressum &ndash; InterDomizil Reisemagazin\",\"isPartOf\":{\"@id\":\"https:\/\/www.interdomizil.de\/reisemagazin\/#website\"},\"primaryImageOfPage\":{\"@id\":\"https:\/\/www.interdomizil.de\/reisemagazin\/impressum#primaryimage\"},\"datePublished\":\"2012-08-10T13:04:22+00:00\",\"dateModified\":\"2019-02-08T08:40:32+00:00\",\"breadcrumb\":{\"@id\":\"https:\/\/www.interdomizil.de\/reisemagazin\/impressum#breadcrumb\"},\"inLanguage\":\"de\",\"potentialAction\":[{\"@type\":\"ReadAction\",\"target\":[\"https:\/\/www.interdomizil.de\/reisemagazin\/impressum\"]}]},{\"@type\":\"BreadcrumbList\",\"@id\":\"https:\/\/www.interdomizil.de\/reisemagazin\/impressum#breadcrumb\",\"itemListElement\":[{\"@type\":\"ListItem\",\"position\":1,\"item\":{\"@type\":\"WebPage\",\"@id\":\"https:\/\/www.interdomizil.de\/reisemagazin\/\",\"url\":\"https:\/\/www.interdomizil.de\/reisemagazin\/\",\"name\":\"Home\"}},{\"@type\":\"ListItem\",\"position\":2,\"item\":{\"@type\":\"WebPage\",\"@id\":\"https:\/\/www.interdomizil.de\/reisemagazin\/impressum\",\"url\":\"https:\/\/www.interdomizil.de\/reisemagazin\/impressum\",\"name\":\"Impressum\"}}]}]}<\/script>\n<!-- \/ Yoast SEO plugin. -->","_links":{"self":[{"href":"https:\/\/www.interdomizil.de\/reisemagazin\/wp-json\/wp\/v2\/pages\/150"}],"collection":[{"href":"https:\/\/www.interdomizil.de\/reisemagazin\/wp-json\/wp\/v2\/pages"}],"about":[{"href":"https:\/\/www.interdomizil.de\/reisemagazin\/wp-json\/wp\/v2\/types\/page"}],"author":[{"embeddable":true,"href":"https:\/\/www.interdomizil.de\/reisemagazin\/wp-json\/wp\/v2\/users\/3"}],"replies":[{"embeddable":true,"href":"https:\/\/www.interdomizil.de\/reisemagazin\/wp-json\/wp\/v2\/comments?post=150"}],"version-history":[{"count":8,"href":"https:\/\/www.interdomizil.de\/reisemagazin\/wp-json\/wp\/v2\/pages\/150\/revisions"}],"predecessor-version":[{"id":8584,"href":"https:\/\/www.interdomizil.de\/reisemagazin\/wp-json\/wp\/v2\/pages\/150\/revisions\/8584"}],"wp:attachment":[{"href":"https:\/\/www.interdomizil.de\/reisemagazin\/wp-json\/wp\/v2\/media?parent=150"}],"curies":[{"name":"wp","href":"https:\/\/api.w.org\/{rel}","templated":true}]}}